{"id":54,"date":"2025-03-17T10:43:49","date_gmt":"2025-03-17T09:43:49","guid":{"rendered":"https:\/\/www.le-mas-des-micocouliers.fr\/?page_id=54"},"modified":"2025-04-09T22:17:17","modified_gmt":"2025-04-09T20:17:17","slug":"nos-sejours-organises","status":"publish","type":"page","link":"https:\/\/www.le-mas-des-micocouliers.fr\/en\/nos-sejours-organises\/","title":{"rendered":"Our organized stays"},"content":{"rendered":"","protected":false},"excerpt":{"rendered":"","protected":false},"author":1,"featured_media":0,"parent":0,"menu_order":0,"comment_status":"closed","ping_status":"closed","template":"","meta":{"_acf_changed":false,"inline_featured_image":false,"footnotes":""},"class_list":["post-54","page","type-page","status-publish","hentry"],"acf":[],"yoast_head":"<!-- This site is optimized with the Yoast SEO plugin v27.4 - https:\/\/yoast.com\/product\/yoast-seo-wordpress\/ -->\n<title>Nos s\u00e9jours organis\u00e9s - Le Mas des Micocouliers<\/title>\n<meta name=\"description\" content=\"S\u00e9jours \u00e0 th\u00e8me en Provence : Nature ou Culture. Yoga, randonn\u00e9es, patrimoine, gastronomie\u2026 Vivez une exp\u00e9rience sensorielle unique.\" \/>\n<meta name=\"robots\" content=\"index, follow, max-snippet:-1, max-image-preview:large, max-video-preview:-1\" \/>\n<link rel=\"canonical\" href=\"https:\/\/www.le-mas-des-micocouliers.fr\/en\/nos-sejours-organises\/\" \/>\n<meta property=\"og:locale\" content=\"en_GB\" \/>\n<meta property=\"og:type\" content=\"article\" \/>\n<meta property=\"og:title\" content=\"S\u00e9jours th\u00e9matiques : nature ou culture en Provence\" \/>\n<meta property=\"og:description\" content=\"Retraites bien-\u00eatre, yoga, randonn\u00e9es ou d\u00e9couvertes culturelles : vivez des exp\u00e9riences uniques au Mas des Micocouliers.\" \/>\n<meta property=\"og:url\" content=\"https:\/\/www.le-mas-des-micocouliers.fr\/en\/nos-sejours-organises\/\" \/>\n<meta property=\"og:site_name\" content=\"Le Mas des Micocouliers\" \/>\n<meta property=\"article:publisher\" content=\"https:\/\/www.facebook.com\/masmicocouliers\" \/>\n<meta property=\"article:modified_time\" content=\"2025-04-09T20:17:17+00:00\" \/>\n<meta property=\"og:image\" content=\"https:\/\/www.le-mas-des-micocouliers.fr\/wp-content\/uploads\/2025\/03\/Mas-Des-Micocouliers-scaled.webp\" \/>\n\t<meta property=\"og:image:width\" content=\"2560\" \/>\n\t<meta property=\"og:image:height\" content=\"1663\" \/>\n\t<meta property=\"og:image:type\" content=\"image\/webp\" \/>\n<meta name=\"twitter:card\" content=\"summary_large_image\" \/>\n<meta name=\"twitter:label1\" content=\"Estimated reading time\" \/>\n\t<meta name=\"twitter:data1\" content=\"4 minutes\" \/>\n<script type=\"application\/ld+json\" class=\"yoast-schema-graph\">{\"@context\":\"https:\\\/\\\/schema.org\",\"@graph\":[{\"@type\":\"WebPage\",\"@id\":\"https:\\\/\\\/www.le-mas-des-micocouliers.fr\\\/nos-sejours-organises\\\/\",\"url\":\"https:\\\/\\\/www.le-mas-des-micocouliers.fr\\\/nos-sejours-organises\\\/\",\"name\":\"Nos s\u00e9jours organis\u00e9s - Le Mas des Micocouliers\",\"isPartOf\":{\"@id\":\"https:\\\/\\\/www.le-mas-des-micocouliers.fr\\\/#website\"},\"datePublished\":\"2025-03-17T09:43:49+00:00\",\"dateModified\":\"2025-04-09T20:17:17+00:00\",\"description\":\"S\u00e9jours \u00e0 th\u00e8me en Provence : Nature ou Culture. Yoga, randonn\u00e9es, patrimoine, gastronomie\u2026 Vivez une exp\u00e9rience sensorielle unique.\",\"inLanguage\":\"en-GB\",\"potentialAction\":[{\"@type\":\"ReadAction\",\"target\":[\"https:\\\/\\\/www.le-mas-des-micocouliers.fr\\\/nos-sejours-organises\\\/\"]}]},{\"@type\":\"WebSite\",\"@id\":\"https:\\\/\\\/www.le-mas-des-micocouliers.fr\\\/#website\",\"url\":\"https:\\\/\\\/www.le-mas-des-micocouliers.fr\\\/\",\"name\":\"Le Mas des Micocouliers \u2013 S\u00e9jours de charme en Provence\",\"description\":\"S\u00e9journez dans un mas d\u2019exception au sud d&#039;Aix-en-Provence\",\"publisher\":{\"@id\":\"https:\\\/\\\/www.le-mas-des-micocouliers.fr\\\/#organization\"},\"alternateName\":\"Le Mas des Micocouliers \u2013 S\u00e9jours de charme en Provence\",\"potentialAction\":[{\"@type\":\"SearchAction\",\"target\":{\"@type\":\"EntryPoint\",\"urlTemplate\":\"https:\\\/\\\/www.le-mas-des-micocouliers.fr\\\/?s={search_term_string}\"},\"query-input\":{\"@type\":\"PropertyValueSpecification\",\"valueRequired\":true,\"valueName\":\"search_term_string\"}}],\"inLanguage\":\"en-GB\"},{\"@type\":\"Organization\",\"@id\":\"https:\\\/\\\/www.le-mas-des-micocouliers.fr\\\/#organization\",\"name\":\"Le Mas des Micocouliers\",\"alternateName\":\"Le Mas des Micocouliers\",\"url\":\"https:\\\/\\\/www.le-mas-des-micocouliers.fr\\\/\",\"logo\":{\"@type\":\"ImageObject\",\"inLanguage\":\"en-GB\",\"@id\":\"https:\\\/\\\/www.le-mas-des-micocouliers.fr\\\/#\\\/schema\\\/logo\\\/image\\\/\",\"url\":\"https:\\\/\\\/www.le-mas-des-micocouliers.fr\\\/wp-content\\\/uploads\\\/2025\\\/03\\\/favicon.png\",\"contentUrl\":\"https:\\\/\\\/www.le-mas-des-micocouliers.fr\\\/wp-content\\\/uploads\\\/2025\\\/03\\\/favicon.png\",\"width\":512,\"height\":512,\"caption\":\"Le Mas des Micocouliers\"},\"image\":{\"@id\":\"https:\\\/\\\/www.le-mas-des-micocouliers.fr\\\/#\\\/schema\\\/logo\\\/image\\\/\"},\"sameAs\":[\"https:\\\/\\\/www.facebook.com\\\/masmicocouliers\",\"https:\\\/\\\/www.instagram.com\\\/masmicocouliers\\\/\"]}]}<\/script>\n<!-- \/ Yoast SEO plugin. -->","yoast_head_json":{"title":"Nos s\u00e9jours organis\u00e9s - Le Mas des Micocouliers","description":"S\u00e9jours \u00e0 th\u00e8me en Provence : Nature ou Culture. Yoga, randonn\u00e9es, patrimoine, gastronomie\u2026 Vivez une exp\u00e9rience sensorielle unique.","robots":{"index":"index","follow":"follow","max-snippet":"max-snippet:-1","max-image-preview":"max-image-preview:large","max-video-preview":"max-video-preview:-1"},"canonical":"https:\/\/www.le-mas-des-micocouliers.fr\/en\/nos-sejours-organises\/","og_locale":"en_GB","og_type":"article","og_title":"S\u00e9jours th\u00e9matiques : nature ou culture en Provence","og_description":"Retraites bien-\u00eatre, yoga, randonn\u00e9es ou d\u00e9couvertes culturelles : vivez des exp\u00e9riences uniques au Mas des Micocouliers.","og_url":"https:\/\/www.le-mas-des-micocouliers.fr\/en\/nos-sejours-organises\/","og_site_name":"Le Mas des Micocouliers","article_publisher":"https:\/\/www.facebook.com\/masmicocouliers","article_modified_time":"2025-04-09T20:17:17+00:00","og_image":[{"width":2560,"height":1663,"url":"https:\/\/www.le-mas-des-micocouliers.fr\/wp-content\/uploads\/2025\/03\/Mas-Des-Micocouliers-scaled.webp","type":"image\/webp"}],"twitter_card":"summary_large_image","twitter_misc":{"Estimated reading time":"4 minutes"},"schema":{"@context":"https:\/\/schema.org","@graph":[{"@type":"WebPage","@id":"https:\/\/www.le-mas-des-micocouliers.fr\/nos-sejours-organises\/","url":"https:\/\/www.le-mas-des-micocouliers.fr\/nos-sejours-organises\/","name":"Nos s\u00e9jours organis\u00e9s - Le Mas des Micocouliers","isPartOf":{"@id":"https:\/\/www.le-mas-des-micocouliers.fr\/#website"},"datePublished":"2025-03-17T09:43:49+00:00","dateModified":"2025-04-09T20:17:17+00:00","description":"S\u00e9jours \u00e0 th\u00e8me en Provence : Nature ou Culture. Yoga, randonn\u00e9es, patrimoine, gastronomie\u2026 Vivez une exp\u00e9rience sensorielle unique.","inLanguage":"en-GB","potentialAction":[{"@type":"ReadAction","target":["https:\/\/www.le-mas-des-micocouliers.fr\/nos-sejours-organises\/"]}]},{"@type":"WebSite","@id":"https:\/\/www.le-mas-des-micocouliers.fr\/#website","url":"https:\/\/www.le-mas-des-micocouliers.fr\/","name":"Le Mas des Micocouliers \u2013 S\u00e9jours de charme en Provence","description":"S\u00e9journez dans un mas d\u2019exception au sud d&#039;Aix-en-Provence","publisher":{"@id":"https:\/\/www.le-mas-des-micocouliers.fr\/#organization"},"alternateName":"Le Mas des Micocouliers \u2013 S\u00e9jours de charme en Provence","potentialAction":[{"@type":"SearchAction","target":{"@type":"EntryPoint","urlTemplate":"https:\/\/www.le-mas-des-micocouliers.fr\/?s={search_term_string}"},"query-input":{"@type":"PropertyValueSpecification","valueRequired":true,"valueName":"search_term_string"}}],"inLanguage":"en-GB"},{"@type":"Organization","@id":"https:\/\/www.le-mas-des-micocouliers.fr\/#organization","name":"Le Mas des Micocouliers","alternateName":"Le Mas des Micocouliers","url":"https:\/\/www.le-mas-des-micocouliers.fr\/","logo":{"@type":"ImageObject","inLanguage":"en-GB","@id":"https:\/\/www.le-mas-des-micocouliers.fr\/#\/schema\/logo\/image\/","url":"https:\/\/www.le-mas-des-micocouliers.fr\/wp-content\/uploads\/2025\/03\/favicon.png","contentUrl":"https:\/\/www.le-mas-des-micocouliers.fr\/wp-content\/uploads\/2025\/03\/favicon.png","width":512,"height":512,"caption":"Le Mas des Micocouliers"},"image":{"@id":"https:\/\/www.le-mas-des-micocouliers.fr\/#\/schema\/logo\/image\/"},"sameAs":["https:\/\/www.facebook.com\/masmicocouliers","https:\/\/www.instagram.com\/masmicocouliers\/"]}]}},"_links":{"self":[{"href":"https:\/\/www.le-mas-des-micocouliers.fr\/en\/wp-json\/wp\/v2\/pages\/54","targetHints":{"allow":["GET"]}}],"collection":[{"href":"https:\/\/www.le-mas-des-micocouliers.fr\/en\/wp-json\/wp\/v2\/pages"}],"about":[{"href":"https:\/\/www.le-mas-des-micocouliers.fr\/en\/wp-json\/wp\/v2\/types\/page"}],"author":[{"embeddable":true,"href":"https:\/\/www.le-mas-des-micocouliers.fr\/en\/wp-json\/wp\/v2\/users\/1"}],"replies":[{"embeddable":true,"href":"https:\/\/www.le-mas-des-micocouliers.fr\/en\/wp-json\/wp\/v2\/comments?post=54"}],"version-history":[{"count":1,"href":"https:\/\/www.le-mas-des-micocouliers.fr\/en\/wp-json\/wp\/v2\/pages\/54\/revisions"}],"predecessor-version":[{"id":56,"href":"https:\/\/www.le-mas-des-micocouliers.fr\/en\/wp-json\/wp\/v2\/pages\/54\/revisions\/56"}],"wp:attachment":[{"href":"https:\/\/www.le-mas-des-micocouliers.fr\/en\/wp-json\/wp\/v2\/media?parent=54"}],"curies":[{"name":"wp","href":"https:\/\/api.w.org\/{rel}","templated":true}]}}